{"id":684,"date":"2014-07-09T15:49:00","date_gmt":"2014-07-09T15:49:00","guid":{"rendered":"http:\/\/furman.sk\/welcome-2\/"},"modified":"2026-01-28T14:12:29","modified_gmt":"2026-01-28T12:12:29","slug":"welcome","status":"publish","type":"page","link":"https:\/\/www.furman.sk\/en\/","title":{"rendered":"Welcome"},"content":{"rendered":"<div id='full_slider_1'  class='avia-fullwidth-slider main_color avia-shadow   avia-builder-el-0  el_before_av_three_fourth  avia-builder-el-first   container_wrap sidebar_right'  >\n<style type=\"text\/css\" data-created_by=\"avia_inline_auto\" id=\"style-css-av-44g66s-f9ca86ed8f8e0cb002d7b4f001ae49cc\">\n#top #wrap_all .avia-slideshow .av-slideshow-caption.av-44g66s-f9ca86ed8f8e0cb002d7b4f001ae49cc__0 .avia-caption-title{\nfont-size:21px;\n}\n<\/style>\n<div  class='avia-slideshow av-44g66s-f9ca86ed8f8e0cb002d7b4f001ae49cc avia-slideshow-featured_large av_slideshow_full avia-slide-slider av-slideshow-ui av-control-default av-slideshow-manual av-loop-once av-loop-manual-endless av-default-height-applied   avia-slideshow-1' data-slideshow-options=\"{&quot;animation&quot;:&quot;slide&quot;,&quot;autoplay&quot;:false,&quot;loop_autoplay&quot;:&quot;once&quot;,&quot;interval&quot;:5,&quot;loop_manual&quot;:&quot;manual-endless&quot;,&quot;autoplay_stopper&quot;:false,&quot;noNavigation&quot;:false,&quot;bg_slider&quot;:false,&quot;keep_padding&quot;:false,&quot;hoverpause&quot;:false,&quot;show_slide_delay&quot;:0}\"  itemprop=\"image\" itemscope=\"itemscope\" itemtype=\"https:\/\/schema.org\/ImageObject\" ><ul class='avia-slideshow-inner ' style='padding-bottom: 42%;'><li  class='avia-slideshow-slide av-44g66s-f9ca86ed8f8e0cb002d7b4f001ae49cc__0  av-single-slide slide-1 slide-odd'><div data-rel='slideshow-1' class='avia-slide-wrap '   ><img decoding=\"async\" fetchpriority=\"high\" class=\"wp-image-916 avia-img-lazy-loading-not-916\"  src=\"https:\/\/www.furman.sk\/images\/restauracia-furman-piestany-1500x630.jpg\" width=\"1500\" height=\"630\" title='restauracia-furman-piestany' alt=''  itemprop=\"thumbnailUrl\"   \/><\/div><\/li><\/ul><\/div><\/div><div id='after_full_slider_1'  class='main_color av_default_container_wrap container_wrap sidebar_right'  ><div class='container av-section-cont-open' ><div class='template-page content  av-content-small alpha units'><div class='post-entry post-entry-type-page post-entry-684'><div class='entry-content-wrapper clearfix'>\n<div  class='flex_column av-3puzjw-10db252207a159aaf588bbce1db2be72 av_three_fourth  avia-builder-el-1  el_after_av_slideshow_full  el_before_av_one_fourth  avia-builder-el-first  first flex_column_div  '     ><section  class='av_textblock_section av-3l4jr0-42799b015cf19f41278bd251b32f9051 '   itemscope=\"itemscope\" itemtype=\"https:\/\/schema.org\/CreativeWork\" ><div class='avia_textblock'  itemprop=\"text\" ><h2>About us<\/h2>\n<p>Restaurant Furman opened on 29 April 2006. <strong>Nestled in the glorious, tranquil countryside just outside Pie\u0161\u0165any, it is a popular rest stop for walkers exploring the Pova\u017esk\u00fd Inovec mountain range.<\/strong> Whether you are hiking from Pie\u0161\u0165any to the \u010certova pec cave, up to the summit of Havran, or onwards to Ahoj, you will almost certainly pass our restaurant. Thanks to its convenient location away from the hustle and bustle of the town centre, Furman is also favoured by motorists as a quick and hassle-free place to stop with ample parking.<\/p>\n<p><strong>A particular highlight is the view from our terrace overlooking the wildlife enclosure, where fallow and red deer graze alongside mouflons.<\/strong> Families love our spacious playground with a climbing frame and swings, which is in full view of the seating area. While the children let off steam, parents can relax and enjoy our excellent cuisine.<\/p>\n<p><a href=\"https:\/\/furman.sk\/en\/gallery\/\">View Gallery<\/a><\/p>\n<\/div><\/section><\/div>\n\n<style type=\"text\/css\" data-created_by=\"avia_inline_auto\" id=\"style-css-av-3f44us-0cd3fb077b33eb34fb896b5c56182397\">\n.flex_column.av-3f44us-0cd3fb077b33eb34fb896b5c56182397{\nborder-radius:0px 0px 0px 0px;\npadding:0px 0px 0px 0px;\n}\n<\/style>\n<div  class='flex_column av-3f44us-0cd3fb077b33eb34fb896b5c56182397 av_one_fourth  avia-builder-el-3  el_after_av_three_fourth  el_before_av_section  avia-builder-el-last  flex_column_div av-zero-column-padding  '     ><p>\n<style type=\"text\/css\" data-created_by=\"avia_inline_auto\" id=\"style-css-av-3an4k4-b16caf958100d64d0440f539a987b546\">\n.avia-image-container.av-3an4k4-b16caf958100d64d0440f539a987b546 img.avia_image{\nbox-shadow:none;\n}\n.avia-image-container.av-3an4k4-b16caf958100d64d0440f539a987b546 .av-image-caption-overlay-center{\ncolor:#ffffff;\n}\n<\/style>\n<div  class='avia-image-container av-3an4k4-b16caf958100d64d0440f539a987b546 av-styling- av-img-linked avia-align-center  avia-builder-el-4  el_before_av_image  avia-builder-el-first '   itemprop=\"image\" itemscope=\"itemscope\" itemtype=\"https:\/\/schema.org\/ImageObject\" ><div class=\"avia-image-container-inner\"><div class=\"avia-image-overlay-wrap\"><a href=\"https:\/\/www.furman.sk\/images\/t4.jpg\" data-srcset=\"https:\/\/www.furman.sk\/images\/t4.jpg 1620w, https:\/\/www.furman.sk\/images\/t4-768x512.jpg 768w, https:\/\/www.furman.sk\/images\/t4-1500x1000.jpg 1500w, https:\/\/www.furman.sk\/images\/t4-705x470.jpg 705w, https:\/\/www.furman.sk\/images\/t4-450x300.jpg 450w\" data-sizes=\"(max-width: 1620px) 100vw, 1620px\" class='avia_image '  aria-label='t4'><img decoding=\"async\" fetchpriority=\"high\" class='wp-image-919 avia-img-lazy-loading-not-919 avia_image ' src=\"https:\/\/www.furman.sk\/images\/t4.jpg\" alt='' title='t4'  height=\"1080\" width=\"1620\"  itemprop=\"thumbnailUrl\" srcset=\"https:\/\/www.furman.sk\/images\/t4.jpg 1620w, https:\/\/www.furman.sk\/images\/t4-768x512.jpg 768w, https:\/\/www.furman.sk\/images\/t4-1500x1000.jpg 1500w, https:\/\/www.furman.sk\/images\/t4-705x470.jpg 705w, https:\/\/www.furman.sk\/images\/t4-450x300.jpg 450w\" sizes=\"(max-width: 1620px) 100vw, 1620px\" \/><\/a><\/div><\/div><\/div><br \/>\n\n<style type=\"text\/css\" data-created_by=\"avia_inline_auto\" id=\"style-css-av-34pbss-8b56a1030b3598584978c8d829bad86b\">\n.avia-image-container.av-34pbss-8b56a1030b3598584978c8d829bad86b img.avia_image{\nbox-shadow:none;\n}\n.avia-image-container.av-34pbss-8b56a1030b3598584978c8d829bad86b .av-image-caption-overlay-center{\ncolor:#ffffff;\n}\n<\/style>\n<div  class='avia-image-container av-34pbss-8b56a1030b3598584978c8d829bad86b av-styling- av-img-linked avia-align-center  avia-builder-el-5  el_after_av_image  avia-builder-el-last '   itemprop=\"image\" itemscope=\"itemscope\" itemtype=\"https:\/\/schema.org\/ImageObject\" ><div class=\"avia-image-container-inner\"><div class=\"avia-image-overlay-wrap\"><a href=\"https:\/\/www.furman.sk\/images\/e1.jpg\" data-srcset=\"https:\/\/www.furman.sk\/images\/e1.jpg 1620w, https:\/\/www.furman.sk\/images\/e1-768x512.jpg 768w, https:\/\/www.furman.sk\/images\/e1-1500x1000.jpg 1500w, https:\/\/www.furman.sk\/images\/e1-705x470.jpg 705w, https:\/\/www.furman.sk\/images\/e1-450x300.jpg 450w\" data-sizes=\"(max-width: 1620px) 100vw, 1620px\" class='avia_image '  aria-label='e1'><img decoding=\"async\" fetchpriority=\"high\" class='wp-image-921 avia-img-lazy-loading-not-921 avia_image ' src=\"https:\/\/www.furman.sk\/images\/e1.jpg\" alt='' title='e1'  height=\"1080\" width=\"1620\"  itemprop=\"thumbnailUrl\" srcset=\"https:\/\/www.furman.sk\/images\/e1.jpg 1620w, https:\/\/www.furman.sk\/images\/e1-768x512.jpg 768w, https:\/\/www.furman.sk\/images\/e1-1500x1000.jpg 1500w, https:\/\/www.furman.sk\/images\/e1-705x470.jpg 705w, https:\/\/www.furman.sk\/images\/e1-450x300.jpg 450w\" sizes=\"(max-width: 1620px) 100vw, 1620px\" \/><\/a><\/div><\/div><\/div><\/p><\/div>\n<\/div><\/div><\/div><!-- close content main div --><\/div><\/div>\n<style type=\"text\/css\" data-created_by=\"avia_inline_auto\" id=\"style-css-av-2u5ki4-755dd5b7a9d3ea60204e0cbfef5ebef0\">\n.avia-section.av-2u5ki4-755dd5b7a9d3ea60204e0cbfef5ebef0{\nbackground-color:#f0f0f0;\nbackground-image:unset;\n}\n<\/style>\n<div id='av_section_1'  class='avia-section av-2u5ki4-755dd5b7a9d3ea60204e0cbfef5ebef0 main_color avia-section-default avia-no-shadow  avia-builder-el-6  el_after_av_one_fourth  el_before_av_three_fourth  avia-bg-style-scroll container_wrap sidebar_right'  ><div class='container av-section-cont-open' ><div class='template-page content  av-content-small alpha units'><div class='post-entry post-entry-type-page post-entry-684'><div class='entry-content-wrapper clearfix'>\n<div  class='flex_column av-2q8cec-49b4a6e27a789dc9c8d1cd86db0001e6 av_one_fourth  avia-builder-el-7  el_before_av_three_fourth  avia-builder-el-first  first flex_column_div  '     ><p>\n<style type=\"text\/css\" data-created_by=\"avia_inline_auto\" id=\"style-css-av-2lx5z8-b12e557a20c369bf1b089ec9c6bdefc9\">\n.avia-image-container.av-2lx5z8-b12e557a20c369bf1b089ec9c6bdefc9 img.avia_image{\nbox-shadow:none;\n}\n.avia-image-container.av-2lx5z8-b12e557a20c369bf1b089ec9c6bdefc9 .av-image-caption-overlay-center{\ncolor:#ffffff;\n}\n<\/style>\n<div  class='avia-image-container av-2lx5z8-b12e557a20c369bf1b089ec9c6bdefc9 av-styling- av-img-linked avia-align-center  avia-builder-el-8  el_before_av_image  avia-builder-el-first '   itemprop=\"image\" itemscope=\"itemscope\" itemtype=\"https:\/\/schema.org\/ImageObject\" ><div class=\"avia-image-container-inner\"><div class=\"avia-image-overlay-wrap\"><a href=\"https:\/\/www.furman.sk\/images\/64.jpg\" data-srcset=\"https:\/\/www.furman.sk\/images\/64.jpg 800w, https:\/\/www.furman.sk\/images\/64-705x468.jpg 705w, https:\/\/www.furman.sk\/images\/64-450x299.jpg 450w\" data-sizes=\"(max-width: 800px) 100vw, 800px\" class='avia_image '  aria-label='64'><img decoding=\"async\" fetchpriority=\"high\" class='wp-image-620 avia-img-lazy-loading-not-620 avia_image ' src=\"https:\/\/www.furman.sk\/images\/64.jpg\" alt='' title='64'  height=\"531\" width=\"800\"  itemprop=\"thumbnailUrl\" srcset=\"https:\/\/www.furman.sk\/images\/64.jpg 800w, https:\/\/www.furman.sk\/images\/64-705x468.jpg 705w, https:\/\/www.furman.sk\/images\/64-450x299.jpg 450w\" sizes=\"(max-width: 800px) 100vw, 800px\" \/><\/a><\/div><\/div><\/div><br \/>\n\n<style type=\"text\/css\" data-created_by=\"avia_inline_auto\" id=\"style-css-av-2gric4-6c5447f071250e1115bc541d04a5c744\">\n.avia-image-container.av-2gric4-6c5447f071250e1115bc541d04a5c744 img.avia_image{\nbox-shadow:none;\n}\n.avia-image-container.av-2gric4-6c5447f071250e1115bc541d04a5c744 .av-image-caption-overlay-center{\ncolor:#ffffff;\n}\n<\/style>\n<div  class='avia-image-container av-2gric4-6c5447f071250e1115bc541d04a5c744 av-styling- av-img-linked avia-align-center  avia-builder-el-9  el_after_av_image  avia-builder-el-last '   itemprop=\"image\" itemscope=\"itemscope\" itemtype=\"https:\/\/schema.org\/ImageObject\" ><div class=\"avia-image-container-inner\"><div class=\"avia-image-overlay-wrap\"><a href=\"https:\/\/www.furman.sk\/images\/41.jpg\" data-srcset=\"https:\/\/www.furman.sk\/images\/41.jpg 800w, https:\/\/www.furman.sk\/images\/41-705x468.jpg 705w, https:\/\/www.furman.sk\/images\/41-450x299.jpg 450w\" data-sizes=\"(max-width: 800px) 100vw, 800px\" class='avia_image '  ><img decoding=\"async\" fetchpriority=\"high\" class='wp-image-604 avia-img-lazy-loading-not-604 avia_image ' src=\"https:\/\/www.furman.sk\/images\/41.jpg\" alt='' title=''  height=\"531\" width=\"800\"  itemprop=\"thumbnailUrl\" srcset=\"https:\/\/www.furman.sk\/images\/41.jpg 800w, https:\/\/www.furman.sk\/images\/41-705x468.jpg 705w, https:\/\/www.furman.sk\/images\/41-450x299.jpg 450w\" sizes=\"(max-width: 800px) 100vw, 800px\" \/><\/a><\/div><\/div><\/div><\/p><\/div><div  class='flex_column av-28eaz0-1b5e423ffd3dd8d92cc37ed77e53a3e9 av_three_fourth  avia-builder-el-10  el_after_av_one_fourth  avia-builder-el-last  flex_column_div  '     ><p>\n<style type=\"text\/css\" data-created_by=\"avia_inline_auto\" id=\"style-css-av-22jfx8-74af22da16b45d94fe64d32cea6c16d9\">\n#top .hr.hr-invisible.av-22jfx8-74af22da16b45d94fe64d32cea6c16d9{\nheight:20px;\n}\n<\/style>\n<div  class='hr av-22jfx8-74af22da16b45d94fe64d32cea6c16d9 hr-invisible  avia-builder-el-11  el_before_av_textblock  avia-builder-el-first '><span class='hr-inner '><span class=\"hr-inner-style\"><\/span><\/span><\/div><br \/>\n<section  class='av_textblock_section av-1x2hn8-126c8038bdfaa915d3b3e436096ba4ab '   itemscope=\"itemscope\" itemtype=\"https:\/\/schema.org\/CreativeWork\" ><div class='avia_textblock'  itemprop=\"text\" ><h2>Food &amp; drink<\/h2>\n<p>As the name suggests, Furman\u2018s focus is on hearty, <strong>traditional Slovak cuisine<\/strong>, complemented by well-loved modern classics. Our unrivalled favourites include crisply roasted pork knuckle, succulent ribs, authentic bryndza halu\u0161ky, and proper homemade soups and rich broths. Our extensive drinks list, features a carefully curated selection of <strong>Slovak wines, while coffee connoisseurs can enjoy premium Italian PAVIN espresso.<\/strong><\/p>\n<p>We are also renowned far beyond the region for our seasonal events. <strong>From autumn goose feasts and game weeks to robust Furman butchers\u2019 platters, we delight you with fresh specialities throughout the year.<\/strong> Details of our latest themed weeks can always be found on our website or on Facebook.<\/p>\n<p><a href=\"https:\/\/furman.sk\/en\/menu\/\">Current menu<\/a><\/p>\n<\/div><\/section><\/p><\/div>\n<\/div><\/div><\/div><!-- close content main div --><\/div><\/div><div id='after_section_1'  class='main_color av_default_container_wrap container_wrap sidebar_right'  ><div class='container av-section-cont-open' ><div class='template-page content  av-content-small alpha units'><div class='post-entry post-entry-type-page post-entry-684'><div class='entry-content-wrapper clearfix'>\n<div  class='flex_column av-1rxjgs-e34e1aece4e9043511ef4a9440d17746 av_three_fourth  avia-builder-el-13  el_after_av_section  el_before_av_one_fourth  avia-builder-el-first  first flex_column_div  '     ><section  class='av_textblock_section av-ma7su2es-d911cdd3cdb82af442f75ab048b7f530 '   itemscope=\"itemscope\" itemtype=\"https:\/\/schema.org\/CreativeWork\" ><div class='avia_textblock'  itemprop=\"text\" ><h2>Restaurant \u2013 Space for every season<\/h2>\n<p>During the winter months our restaurant offers 20 seats in the cosy dining room and 12 in the rustic hunters\u2019 snug. There is also a heated winter terrace with 56 seats, and a new hall that can accommodate up to 80 guests, making it ideal for celebrations, corporate evenings and larger family gatherings. When the weather turns warm, we expand to include a generous sun terrace with an additional 62 seats, where you to enjoy our food surrounded by greenery. Free parking is available right beside the building, so you can relax as soon as you arrive. We also now offer gift vouchers in any amount \u2013 the perfect treat for anyone who appreciates good food.<\/p>\n<\/div><\/section><\/div>\n\n<style type=\"text\/css\" data-created_by=\"avia_inline_auto\" id=\"style-css-av-1lxj8c-11cd5b6b86cf7d1502399535233ae8b1\">\n.flex_column.av-1lxj8c-11cd5b6b86cf7d1502399535233ae8b1{\nborder-radius:0px 0px 0px 0px;\npadding:0px 0px 0px 0px;\n}\n<\/style>\n<div  class='flex_column av-1lxj8c-11cd5b6b86cf7d1502399535233ae8b1 av_one_fourth  avia-builder-el-15  el_after_av_three_fourth  el_before_av_section  avia-builder-el-last  flex_column_div av-zero-column-padding  '     ><p>\n<style type=\"text\/css\" data-created_by=\"avia_inline_auto\" id=\"style-css-av-1fsn2k-0614c1a9708f0ecc56fb7205b6089e13\">\n#top .hr.hr-invisible.av-1fsn2k-0614c1a9708f0ecc56fb7205b6089e13{\nheight:10px;\n}\n<\/style>\n<div  class='hr av-1fsn2k-0614c1a9708f0ecc56fb7205b6089e13 hr-invisible  avia-builder-el-16  el_before_av_image  avia-builder-el-first '><span class='hr-inner '><span class=\"hr-inner-style\"><\/span><\/span><\/div><br \/>\n\n<style type=\"text\/css\" data-created_by=\"avia_inline_auto\" id=\"style-css-av-18n2p0-8539d893a27bd7511499bfad3f8eb0fd\">\n.avia-image-container.av-18n2p0-8539d893a27bd7511499bfad3f8eb0fd img.avia_image{\nbox-shadow:none;\n}\n.avia-image-container.av-18n2p0-8539d893a27bd7511499bfad3f8eb0fd .av-image-caption-overlay-center{\ncolor:#ffffff;\n}\n<\/style>\n<div  class='avia-image-container av-18n2p0-8539d893a27bd7511499bfad3f8eb0fd av-styling- av-img-linked avia-align-center  avia-builder-el-17  el_after_av_hr  avia-builder-el-last '   itemprop=\"image\" itemscope=\"itemscope\" itemtype=\"https:\/\/schema.org\/ImageObject\" ><div class=\"avia-image-container-inner\"><div class=\"avia-image-overlay-wrap\"><a href=\"https:\/\/www.furman.sk\/images\/i2.jpg\" data-srcset=\"https:\/\/www.furman.sk\/images\/i2.jpg 1620w, https:\/\/www.furman.sk\/images\/i2-768x512.jpg 768w, https:\/\/www.furman.sk\/images\/i2-1500x1000.jpg 1500w, https:\/\/www.furman.sk\/images\/i2-705x470.jpg 705w, https:\/\/www.furman.sk\/images\/i2-450x300.jpg 450w\" data-sizes=\"(max-width: 1620px) 100vw, 1620px\" class='avia_image '  aria-label='i2'><img decoding=\"async\" fetchpriority=\"high\" class='wp-image-922 avia-img-lazy-loading-not-922 avia_image ' src=\"https:\/\/www.furman.sk\/images\/i2.jpg\" alt='' title='i2'  height=\"1080\" width=\"1620\"  itemprop=\"thumbnailUrl\" srcset=\"https:\/\/www.furman.sk\/images\/i2.jpg 1620w, https:\/\/www.furman.sk\/images\/i2-768x512.jpg 768w, https:\/\/www.furman.sk\/images\/i2-1500x1000.jpg 1500w, https:\/\/www.furman.sk\/images\/i2-705x470.jpg 705w, https:\/\/www.furman.sk\/images\/i2-450x300.jpg 450w\" sizes=\"(max-width: 1620px) 100vw, 1620px\" \/><\/a><\/div><\/div><\/div><\/p><\/div>\n<\/div><\/div><\/div><!-- close content main div --><\/div><\/div>\n<style type=\"text\/css\" data-created_by=\"avia_inline_auto\" id=\"style-css-av-10bv38-468deb2ba85100083418a928286fc684\">\n.avia-section.av-10bv38-468deb2ba85100083418a928286fc684{\nbackground-color:#f0f0f0;\nbackground-image:unset;\n}\n<\/style>\n<div id='av_section_2'  class='avia-section av-10bv38-468deb2ba85100083418a928286fc684 main_color avia-section-default avia-no-shadow  avia-builder-el-18  el_after_av_one_fourth  avia-builder-el-last  avia-bg-style-scroll container_wrap sidebar_right'  ><div class='container av-section-cont-open' ><div class='template-page content  av-content-small alpha units'><div class='post-entry post-entry-type-page post-entry-684'><div class='entry-content-wrapper clearfix'>\n<div  class='flex_column av-vi4gk-6a84a03f88ae6550e7cb0b64175b7b7c av_one_fourth  avia-builder-el-19  el_before_av_three_fourth  avia-builder-el-first  first flex_column_div  '     ><p>\n<style type=\"text\/css\" data-created_by=\"avia_inline_auto\" id=\"style-css-av-fa7mk-a0b64dbb9115888c48a314639c9c3d40\">\n#top .hr.hr-invisible.av-fa7mk-a0b64dbb9115888c48a314639c9c3d40{\nheight:40px;\n}\n<\/style>\n<div  class='hr av-fa7mk-a0b64dbb9115888c48a314639c9c3d40 hr-invisible  avia-builder-el-20  el_before_av_image  avia-builder-el-first '><span class='hr-inner '><span class=\"hr-inner-style\"><\/span><\/span><\/div><br \/>\n\n<style type=\"text\/css\" data-created_by=\"avia_inline_auto\" id=\"style-css-av-p4t24-b8f54d449aec89e15d35f0373a34bbab\">\n.avia-image-container.av-p4t24-b8f54d449aec89e15d35f0373a34bbab img.avia_image{\nbox-shadow:none;\n}\n.avia-image-container.av-p4t24-b8f54d449aec89e15d35f0373a34bbab .av-image-caption-overlay-center{\ncolor:#ffffff;\n}\n<\/style>\n<div  class='avia-image-container av-p4t24-b8f54d449aec89e15d35f0373a34bbab av-styling- av-img-linked avia-align-center  avia-builder-el-21  el_after_av_hr  avia-builder-el-last '   itemprop=\"image\" itemscope=\"itemscope\" itemtype=\"https:\/\/schema.org\/ImageObject\" ><div class=\"avia-image-container-inner\"><div class=\"avia-image-overlay-wrap\"><a href=\"https:\/\/www.furman.sk\/images\/firemne-akcie-1.jpg\" data-srcset=\"https:\/\/www.furman.sk\/images\/firemne-akcie-1.jpg 1600w, https:\/\/www.furman.sk\/images\/firemne-akcie-1-768x576.jpg 768w, https:\/\/www.furman.sk\/images\/firemne-akcie-1-1536x1152.jpg 1536w, https:\/\/www.furman.sk\/images\/firemne-akcie-1-1500x1125.jpg 1500w, https:\/\/www.furman.sk\/images\/firemne-akcie-1-705x529.jpg 705w\" data-sizes=\"(max-width: 1600px) 100vw, 1600px\" class='avia_image '  aria-label='firemne-akcie-1'><img decoding=\"async\" fetchpriority=\"high\" class='wp-image-1185 avia-img-lazy-loading-not-1185 avia_image ' src=\"https:\/\/www.furman.sk\/images\/firemne-akcie-1.jpg\" alt='' title='firemne-akcie-1'  height=\"1200\" width=\"1600\"  itemprop=\"thumbnailUrl\" srcset=\"https:\/\/www.furman.sk\/images\/firemne-akcie-1.jpg 1600w, https:\/\/www.furman.sk\/images\/firemne-akcie-1-768x576.jpg 768w, https:\/\/www.furman.sk\/images\/firemne-akcie-1-1536x1152.jpg 1536w, https:\/\/www.furman.sk\/images\/firemne-akcie-1-1500x1125.jpg 1500w, https:\/\/www.furman.sk\/images\/firemne-akcie-1-705x529.jpg 705w\" sizes=\"(max-width: 1600px) 100vw, 1600px\" \/><\/a><\/div><\/div><\/div><\/p><\/div>\n<style type=\"text\/css\" data-created_by=\"avia_inline_auto\" id=\"style-css-av-n3850-d098796aa353044140593591bf8b2426\">\n.flex_column.av-n3850-d098796aa353044140593591bf8b2426{\nborder-radius:0px 0px 0px 0px;\npadding:0px 0px 0px 0px;\n}\n<\/style>\n<div  class='flex_column av-n3850-d098796aa353044140593591bf8b2426 av_three_fourth  avia-builder-el-22  el_after_av_one_fourth  avia-builder-el-last  flex_column_div av-zero-column-padding  '     ><section  class='av_textblock_section av-vaas-ee17bae3f840ae06e88b4bf91cda0194 '   itemscope=\"itemscope\" itemtype=\"https:\/\/schema.org\/CreativeWork\" ><div class='avia_textblock'  itemprop=\"text\" ><h2>Corporate events<\/h2>\n<p><strong>With superb cuisine, a welcoming atmosphere, ample parking and a picturesque setting in the heart of nature, Restaurant Furman is the perfect venue for business occasions.<\/strong> Whether the occassion \u2013 whether it\u2018s a staff get-together, a Christmas or New Year party, a team-building session or a client event \u2013 we will happily create a bespoke package for you. Two separate rooms, which can seat 50 and 70 guests respectively, can be combined to create a single hall with capacity for up to 120 people. Alongside our excellent food we can arrange sporting or adrenaline-charged activities, wine tastings or traditional goose feasts with premium birds , on request. We can even stage a firework display to bring the business year to a close in style.<\/p>\n<p><a href=\"https:\/\/furman.sk\/en\/contact-us\/\">Contact us today to receive a personalised quotation.<\/a><\/p>\n<\/div><\/section><\/div><\/div><\/div><\/div><!-- close content main div --><\/div><\/div><div id='after_section_2'  class='main_color av_default_container_wrap container_wrap sidebar_right'  ><div class='container av-section-cont-open' ><div class='template-page content  av-content-small alpha units'><div class='post-entry post-entry-type-page post-entry-684'><div class='entry-content-wrapper clearfix'>\n","protected":false},"excerpt":{"rendered":"","protected":false},"author":2,"featured_media":0,"parent":0,"menu_order":0,"comment_status":"open","ping_status":"open","template":"","meta":{"footnotes":""},"class_list":["post-684","page","type-page","status-publish","hentry"],"_links":{"self":[{"href":"https:\/\/www.furman.sk\/en\/wp-json\/wp\/v2\/pages\/684","targetHints":{"allow":["GET"]}}],"collection":[{"href":"https:\/\/www.furman.sk\/en\/wp-json\/wp\/v2\/pages"}],"about":[{"href":"https:\/\/www.furman.sk\/en\/wp-json\/wp\/v2\/types\/page"}],"author":[{"embeddable":true,"href":"https:\/\/www.furman.sk\/en\/wp-json\/wp\/v2\/users\/2"}],"replies":[{"embeddable":true,"href":"https:\/\/www.furman.sk\/en\/wp-json\/wp\/v2\/comments?post=684"}],"version-history":[{"count":6,"href":"https:\/\/www.furman.sk\/en\/wp-json\/wp\/v2\/pages\/684\/revisions"}],"predecessor-version":[{"id":1186,"href":"https:\/\/www.furman.sk\/en\/wp-json\/wp\/v2\/pages\/684\/revisions\/1186"}],"wp:attachment":[{"href":"https:\/\/www.furman.sk\/en\/wp-json\/wp\/v2\/media?parent=684"}],"curies":[{"name":"wp","href":"https:\/\/api.w.org\/{rel}","templated":true}]}}